{"id":11988,"date":"2021-09-18T12:49:07","date_gmt":"2021-09-18T10:49:07","guid":{"rendered":"https:\/\/ajforsmanabogados.com\/aviso-legal-y-politica-de-privacidad\/"},"modified":"2023-01-30T16:28:17","modified_gmt":"2023-01-30T15:28:17","slug":"oikeudelliset-tiedot-ja-yksityisyytta-koskevat-ehdot","status":"publish","type":"page","link":"https:\/\/ajforsmanabogados.com\/fi\/oikeudelliset-tiedot-ja-yksityisyytta-koskevat-ehdot\/","title":{"rendered":"Oikeudelliset tiedot ja yksityisyytta koskevat ehdot"},"content":{"rendered":"\t\t<div data-elementor-type=\"wp-page\" data-elementor-id=\"11988\" class=\"elementor elementor-11988\" data-elementor-post-type=\"page\">\n\t\t\t\t\t\t<section class=\"elementor-section elementor-top-section elementor-element elementor-element-c1fe471 elementor-section-boxed elementor-section-height-default elementor-section-height-default\" data-id=\"c1fe471\" data-element_type=\"section\" data-e-type=\"section\" data-settings=\"{&quot;background_background&quot;:&quot;classic&quot;}\">\n\t\t\t\t\t\t\t<div class=\"elementor-background-overlay\"><\/div>\n\t\t\t\t\t\t\t<div class=\"elementor-container elementor-column-gap-default\">\n\t\t\t\t\t<div class=\"elementor-column elementor-col-100 elementor-top-column elementor-element elementor-element-3bbdf16\" data-id=\"3bbdf16\" data-element_type=\"column\" data-e-type=\"column\">\n\t\t\t<div class=\"elementor-widget-wrap elementor-element-populated\">\n\t\t\t\t\t\t<div class=\"elementor-element elementor-element-71d2a31 elementor-widget elementor-widget-text-editor\" data-id=\"71d2a31\" data-element_type=\"widget\" data-e-type=\"widget\" data-widget_type=\"text-editor.default\">\n\t\t\t\t<div class=\"elementor-widget-container\">\n\t\t\t\t\t\t\t\t\t<p>Kiinnostavat uutiset<\/p>\t\t\t\t\t\t\t\t<\/div>\n\t\t\t\t<\/div>\n\t\t\t\t<div class=\"elementor-element elementor-element-264146d elementor-widget elementor-widget-heading\" data-id=\"264146d\" data-element_type=\"widget\" data-e-type=\"widget\" data-widget_type=\"heading.default\">\n\t\t\t\t<div class=\"elementor-widget-container\">\n\t\t\t\t\t<h2 class=\"elementor-heading-title elementor-size-default\">Oikeudelliset tiedot ja yksityisyytta koskevat ehdot<\/h2>\t\t\t\t<\/div>\n\t\t\t\t<\/div>\n\t\t\t\t\t<\/div>\n\t\t<\/div>\n\t\t\t\t\t<\/div>\n\t\t<\/section>\n\t\t\t\t<section class=\"elementor-section elementor-top-section elementor-element elementor-element-65a84c34 elementor-section-boxed elementor-section-height-default elementor-section-height-default\" data-id=\"65a84c34\" data-element_type=\"section\" data-e-type=\"section\" data-settings=\"{&quot;background_background&quot;:&quot;classic&quot;}\">\n\t\t\t\t\t\t<div class=\"elementor-container elementor-column-gap-default\">\n\t\t\t\t\t<div class=\"elementor-column elementor-col-100 elementor-top-column elementor-element elementor-element-62ee4ba3\" data-id=\"62ee4ba3\" data-element_type=\"column\" data-e-type=\"column\">\n\t\t\t<div class=\"elementor-widget-wrap elementor-element-populated\">\n\t\t\t\t\t\t<div class=\"elementor-element elementor-element-6a3fe8c3 elementor-widget elementor-widget-text-editor\" data-id=\"6a3fe8c3\" data-element_type=\"widget\" data-e-type=\"widget\" data-widget_type=\"text-editor.default\">\n\t\t\t\t<div class=\"elementor-widget-container\">\n\t\t\t\t\t\t\t\t\t<p>Asianajotoimisto AJ Forsman Abogados S.L. on yritys, joka on sitoutunut tarjoamaan asiakkailleen korkealaatuisia palveluita,\u00a0 noudattaen voimassa olevia tietosuojalakeja ja asetuksia.<\/p><p>Tietoyhteiskuntaa ja s\u00e4hk\u00f6ist\u00e4 kaupank\u00e4ynti\u00e4 koskevan lain 34\/2002, artiklan 10 (LSSICE) sek\u00e4 henkil\u00f6tietojen suojaa koskevien EU-direktiivien mukaisesti annamme tietoonne seuraavat yrityst\u00e4mme koskevat tiedot.<\/p><ol><li>T\u00e4m\u00e4 verkkosivusto on AJ Forsman Abogados S.L.:n omaisuutta, CIF B93280584, osoite Calle Oliva 3N, 29640 Fuengirola (M\u00e1laga) ja s\u00e4hk\u00f6postiosoite: admin@ajforsmanabogados.com<\/li><\/ol><p>T\u00e4m\u00e4 verkkosivusto on pelk\u00e4st\u00e4\u00e4n informatiivinen. Mit\u00e4\u00e4n t\u00e4m\u00e4n verkkosivuston sis\u00e4lt\u00f6\u00e4 ei voida pit\u00e4\u00e4 sopimussuhteena asianajajan ja asiakkaan v\u00e4lill\u00e4 tai mink\u00e4\u00e4nlaisena oikeudellisena ohjeena. Sit\u00e4 ei my\u00f6sk\u00e4\u00e4n tule pit\u00e4\u00e4 kaupallisena tarjouksena.<\/p><p>Asiakkaan tai verkkosivujen k\u00e4ytt\u00e4j\u00e4n ei tule toimia t\u00e4m\u00e4n verkkosivuston tietojen perusteella saamatta ensin erillist\u00e4 oikeudellista neuvontaa ja n\u00e4in ollen verkkosivujen sis\u00e4lt\u00e4m\u00e4 informaatio ei sovellu suoraan k\u00e4ytett\u00e4v\u00e4ksi mihink\u00e4\u00e4n konkreettiseen yksitt\u00e4istapaukseen, joka aina sis\u00e4lt\u00e4\u00e4 kullekin yksitt\u00e4istapaukselle tyypillisi\u00e4 erityispiirteit\u00e4. AJ Forsman Abogados S.L ei ota vastuuta vahingoista, seurauksena toiminnasta t\u00e4m\u00e4n verkkosivuston tietojen perusteella.<\/p><p>T\u00e4m\u00e4 verkkosivusto voi sis\u00e4lt\u00e4\u00e4 linkkej\u00e4 muille verkkosivustoille ja p\u00e4invastoin. AJ Forsman Abogados S.L ei ole vastuussa muiden verkkosivustojen sis\u00e4ll\u00f6st\u00e4.<\/p><ol start=\"2\"><li>Kaikki t\u00e4ll\u00e4 verkkosivustolla esiintyv\u00e4t tavaramerkit, logot, kauppanimet, merkit, palvelut, sis\u00e4lt\u00f6, videot, tekstit, valokuvat, grafiikat, kuvat, ohjelmistot, linkit ja kaikenlainen informatiivinen asiasis\u00e4lt\u00f6 ovat my\u00f6s AJ Forsman Abogados SL: n omaisuutta. Niit\u00e4 ei saa kopioda, jakaa, julkistaa, tai muuttaa ilman nimenomaista kirjallista lupaa.<\/li><li>T\u00e4m\u00e4n verkkosivuston kautta ker\u00e4tt\u00e4vi\u00e4 henkil\u00f6tietoja k\u00e4sitell\u00e4\u00e4n oikeudenmukaisesti ja laillisesti henkil\u00f6tietosuojalains\u00e4\u00e4d\u00e4nn\u00f6n mukaisesti.<\/li><\/ol><p>T\u00e4m\u00e4 asianajotoimisto on saanut yhteystietosi asioituasi AJ Forsman Abogados S.L. asianajotoimistossa tai sen henkil\u00f6kunnan kanssa asiakassuhteeseesi liittyen tai olette pyyt\u00e4neet meit\u00e4 toimittamaan lis\u00e4tietoja liittyen AJ Forsman Abogados S.L. tarjoamiin palveluihin ja toimintaan sek\u00e4 tapahtumiin.<\/p><p>Kyseiset edell\u00e4 mainitut tiedot, jotka ovat AJ Forsman Abogados SL: n vastuulla, arkistoidaan ja k\u00e4sitell\u00e4\u00e4n lain mukaisesti erityistarkoituksiin, kuten pyydettyjen palvelujen asianmukaiseen hoitamiseen, kyselyihin vastaamiseen, palvelujen laskutukseen sek\u00e4 viestint\u00e4\u00e4n (mukaan lukien mainonta ja uutiskirjeet), jotka saattavat kiinnostaa sinua liittyen AJ Forsman Abogados SL: n palveluihin ja toimintaan.<\/p><p>Tietojasi ei luovuteta kolmansille osapuolille lukuun ottamatta lakis\u00e4\u00e4teisten velvoitteiden t\u00e4ytt\u00e4mist\u00e4, joihin AJ Forsman Abogados S.L. on toimintansa puolesta velvoitettu.<\/p><p>Henkil\u00f6ll\u00e4 on oikeus saada tietoja liittyen omiin henkil\u00f6tietoihinsa, oikaista, pyyt\u00e4\u00e4 poistamaan tietoja tms laittamalla s\u00e4hk\u00f6postia tai kirjeitse AJ Forsman Abogados S.L.:lle alussa ilmoitettuun osoitteeseen.<\/p><p>N\u00e4in ollen henkil\u00f6ll\u00e4 on oikeus kielt\u00e4yty\u00e4 vastaanottamasta nyt tai tulevaisuudessa markkinointiin ja mainontaan liittyv\u00e4\u00e4 viestint\u00e4\u00e4 l\u00e4hett\u00e4m\u00e4ll\u00e4 s\u00e4hk\u00f6postia\u00a0 osoitteeseen admin@ajforsmanabogados.com tai kirjeitse AJ Forsman Abogados S.L yrityksen postiosoitteeseen.<\/p>\t\t\t\t\t\t\t\t<\/div>\n\t\t\t\t<\/div>\n\t\t\t\t\t<\/div>\n\t\t<\/div>\n\t\t\t\t\t<\/div>\n\t\t<\/section>\n\t\t\t\t<\/div>\n\t\t","protected":false},"excerpt":{"rendered":"<p>Kiinnostavat uutiset Oikeudelliset tiedot ja yksityisyytta koskevat ehdot Asianajotoimisto AJ Forsman Abogados S.L. on yritys, joka on sitoutunut tarjoamaan asiakkailleen korkealaatuisia palveluita,\u00a0 noudattaen voimassa olevia tietosuojalakeja ja asetuksia. Tietoyhteiskuntaa ja [&hellip;]<\/p>\n","protected":false},"author":1,"featured_media":0,"parent":0,"menu_order":28,"comment_status":"closed","ping_status":"closed","template":"","meta":{"site-sidebar-layout":"no-sidebar","site-content-layout":"page-builder","ast-site-content-layout":"default","site-content-style":"default","site-sidebar-style":"default","ast-global-header-display":"","ast-banner-title-visibility":"","ast-main-header-display":"","ast-hfb-above-header-display":"","ast-hfb-below-header-display":"","ast-hfb-mobile-header-display":"","site-post-title":"disabled","ast-breadcrumbs-content":"","ast-featured-img":"disabled","footer-sml-layout":"","ast-disable-related-posts":"","theme-transparent-header-meta":"default","adv-header-id-meta":"","stick-header-meta":"default","header-above-stick-meta":"","header-main-stick-meta":"","header-below-stick-meta":"","astra-migrate-meta-layouts":"default","ast-page-background-enabled":"default","ast-page-background-meta":{"desktop":{"background-color":"var(--ast-global-color-4)","background-image":"","background-repeat":"repeat","background-position":"center center","background-size":"auto","background-attachment":"scroll","background-type":"","background-media":"","overlay-type":"","overlay-color":"","overlay-opacity":"","overlay-gradient":""},"tablet":{"background-color":"","background-image":"","background-repeat":"repeat","background-position":"center center","background-size":"auto","background-attachment":"scroll","background-type":"","background-media":"","overlay-type":"","overlay-color":"","overlay-opacity":"","overlay-gradient":""},"mobile":{"background-color":"","background-image":"","background-repeat":"repeat","background-position":"center center","background-size":"auto","background-attachment":"scroll","background-type":"","background-media":"","overlay-type":"","overlay-color":"","overlay-opacity":"","overlay-gradient":""}},"ast-content-background-meta":{"desktop":{"background-color":"var(--ast-global-color-5)","background-image":"","background-repeat":"repeat","background-position":"center center","background-size":"auto","background-attachment":"scroll","background-type":"","background-media":"","overlay-type":"","overlay-color":"","overlay-opacity":"","overlay-gradient":""},"tablet":{"background-color":"var(--ast-global-color-5)","background-image":"","background-repeat":"repeat","background-position":"center center","background-size":"auto","background-attachment":"scroll","background-type":"","background-media":"","overlay-type":"","overlay-color":"","overlay-opacity":"","overlay-gradient":""},"mobile":{"background-color":"var(--ast-global-color-5)","background-image":"","background-repeat":"repeat","background-position":"center center","background-size":"auto","background-attachment":"scroll","background-type":"","background-media":"","overlay-type":"","overlay-color":"","overlay-opacity":"","overlay-gradient":""}},"footnotes":""},"class_list":["post-11988","page","type-page","status-publish","hentry"],"_links":{"self":[{"href":"https:\/\/ajforsmanabogados.com\/fi\/wp-json\/wp\/v2\/pages\/11988","targetHints":{"allow":["GET"]}}],"collection":[{"href":"https:\/\/ajforsmanabogados.com\/fi\/wp-json\/wp\/v2\/pages"}],"about":[{"href":"https:\/\/ajforsmanabogados.com\/fi\/wp-json\/wp\/v2\/types\/page"}],"author":[{"embeddable":true,"href":"https:\/\/ajforsmanabogados.com\/fi\/wp-json\/wp\/v2\/users\/1"}],"replies":[{"embeddable":true,"href":"https:\/\/ajforsmanabogados.com\/fi\/wp-json\/wp\/v2\/comments?post=11988"}],"version-history":[{"count":0,"href":"https:\/\/ajforsmanabogados.com\/fi\/wp-json\/wp\/v2\/pages\/11988\/revisions"}],"wp:attachment":[{"href":"https:\/\/ajforsmanabogados.com\/fi\/wp-json\/wp\/v2\/media?parent=11988"}],"curies":[{"name":"wp","href":"https:\/\/api.w.org\/{rel}","templated":true}]}}