{"id":12039,"date":"2021-09-18T11:06:58","date_gmt":"2021-09-18T09:06:58","guid":{"rendered":"https:\/\/ajforsmanabogados.com\/noticias\/"},"modified":"2023-01-30T16:22:30","modified_gmt":"2023-01-30T15:22:30","slug":"uutiset","status":"publish","type":"page","link":"https:\/\/ajforsmanabogados.com\/fi\/uutiset\/","title":{"rendered":"Uutiset"},"content":{"rendered":"\t\t<div data-elementor-type=\"wp-page\" data-elementor-id=\"12039\" class=\"elementor elementor-12039\" data-elementor-post-type=\"page\">\n\t\t\t\t\t\t<section class=\"elementor-section elementor-top-section elementor-element elementor-element-6079f60 elementor-section-boxed elementor-section-height-default elementor-section-height-default\" data-id=\"6079f60\" data-element_type=\"section\" data-e-type=\"section\" data-settings=\"{&quot;background_background&quot;:&quot;classic&quot;}\">\n\t\t\t\t\t\t\t<div class=\"elementor-background-overlay\"><\/div>\n\t\t\t\t\t\t\t<div class=\"elementor-container elementor-column-gap-default\">\n\t\t\t\t\t<div class=\"elementor-column elementor-col-100 elementor-top-column elementor-element elementor-element-4a3e168\" data-id=\"4a3e168\" data-element_type=\"column\" data-e-type=\"column\">\n\t\t\t<div class=\"elementor-widget-wrap elementor-element-populated\">\n\t\t\t\t\t\t<div class=\"elementor-element elementor-element-3e32a42 elementor-widget elementor-widget-text-editor\" data-id=\"3e32a42\" data-element_type=\"widget\" data-e-type=\"widget\" data-widget_type=\"text-editor.default\">\n\t\t\t\t<div class=\"elementor-widget-container\">\n\t\t\t\t\t\t\t\t\t<p>tuoreimmat uutiset<\/p>\t\t\t\t\t\t\t\t<\/div>\n\t\t\t\t<\/div>\n\t\t\t\t<div class=\"elementor-element elementor-element-b1ab158 elementor-widget elementor-widget-heading\" data-id=\"b1ab158\" data-element_type=\"widget\" data-e-type=\"widget\" data-widget_type=\"heading.default\">\n\t\t\t\t<div class=\"elementor-widget-container\">\n\t\t\t\t\t<h2 class=\"elementor-heading-title elementor-size-default\">Blogi<\/h2>\t\t\t\t<\/div>\n\t\t\t\t<\/div>\n\t\t\t\t\t<\/div>\n\t\t<\/div>\n\t\t\t\t\t<\/div>\n\t\t<\/section>\n\t\t\t\t<section class=\"elementor-section elementor-top-section elementor-element elementor-element-a9b427b elementor-section-boxed elementor-section-height-default elementor-section-height-default\" data-id=\"a9b427b\" data-element_type=\"section\" data-e-type=\"section\" data-settings=\"{&quot;background_background&quot;:&quot;classic&quot;}\">\n\t\t\t\t\t\t<div class=\"elementor-container elementor-column-gap-default\">\n\t\t\t\t\t<div class=\"elementor-column elementor-col-100 elementor-top-column elementor-element elementor-element-b81edb9\" data-id=\"b81edb9\" data-element_type=\"column\" data-e-type=\"column\">\n\t\t\t<div class=\"elementor-widget-wrap elementor-element-populated\">\n\t\t\t\t\t\t<div class=\"elementor-element elementor-element-05630f6 elementor-grid-tablet_extra-2 elementor-grid-3 elementor-grid-tablet-2 elementor-grid-mobile-1 elementor-posts--thumbnail-top elementor-widget elementor-widget-posts\" data-id=\"05630f6\" data-element_type=\"widget\" data-e-type=\"widget\" data-settings=\"{&quot;pagination_type&quot;:&quot;numbers_and_prev_next&quot;,&quot;classic_columns_tablet_extra&quot;:&quot;2&quot;,&quot;classic_columns&quot;:&quot;3&quot;,&quot;classic_columns_tablet&quot;:&quot;2&quot;,&quot;classic_columns_mobile&quot;:&quot;1&quot;,&quot;classic_row_gap&quot;:{&quot;unit&quot;:&quot;px&quot;,&quot;size&quot;:35,&quot;sizes&quot;:[]},&quot;classic_row_gap_tablet_extra&quot;:{&quot;unit&quot;:&quot;px&quot;,&quot;size&quot;:&quot;&quot;,&quot;sizes&quot;:[]},&quot;classic_row_gap_tablet&quot;:{&quot;unit&quot;:&quot;px&quot;,&quot;size&quot;:&quot;&quot;,&quot;sizes&quot;:[]},&quot;classic_row_gap_mobile&quot;:{&quot;unit&quot;:&quot;px&quot;,&quot;size&quot;:&quot;&quot;,&quot;sizes&quot;:[]}}\" data-widget_type=\"posts.classic\">\n\t\t\t\t<div class=\"elementor-widget-container\">\n\t\t\t\t\t\t\t<div class=\"elementor-posts-container elementor-posts elementor-posts--skin-classic elementor-grid\" role=\"list\">\n\t\t\t\t<article class=\"elementor-post elementor-grid-item post-12379 post type-post status-publish format-standard has-post-thumbnail hentry category-uncategorized-fi\" role=\"listitem\">\n\t\t\t\t<a class=\"elementor-post__thumbnail__link\" href=\"https:\/\/ajforsmanabogados.com\/fi\/espanjassa-ei-residenttien-veroilmoitus-irnr\/\" tabindex=\"-1\" >\n\t\t\t<div class=\"elementor-post__thumbnail\"><img fetchpriority=\"high\" decoding=\"async\" width=\"1024\" height=\"683\" src=\"https:\/\/ajforsmanabogados.com\/wp-content\/uploads\/2021\/11\/Imagen-noticia-IRNR-1024x683.jpg\" class=\"attachment-large size-large wp-image-12362\" alt=\"IMPUESTO SOBRE LA RENTA DE NO RESIDENTES EN ESPA\u00d1A (IRNR)\" srcset=\"https:\/\/ajforsmanabogados.com\/wp-content\/uploads\/2021\/11\/Imagen-noticia-IRNR-1024x683.jpg 1024w, https:\/\/ajforsmanabogados.com\/wp-content\/uploads\/2021\/11\/Imagen-noticia-IRNR-300x200.jpg 300w, https:\/\/ajforsmanabogados.com\/wp-content\/uploads\/2021\/11\/Imagen-noticia-IRNR-768x512.jpg 768w, https:\/\/ajforsmanabogados.com\/wp-content\/uploads\/2021\/11\/Imagen-noticia-IRNR-1536x1024.jpg 1536w, https:\/\/ajforsmanabogados.com\/wp-content\/uploads\/2021\/11\/Imagen-noticia-IRNR-2048x1365.jpg 2048w\" sizes=\"(max-width: 1024px) 100vw, 1024px\" \/><\/div>\n\t\t<\/a>\n\t\t\t\t<div class=\"elementor-post__text\">\n\t\t\t\t<h2 class=\"elementor-post__title\">\n\t\t\t<a href=\"https:\/\/ajforsmanabogados.com\/fi\/espanjassa-ei-residenttien-veroilmoitus-irnr\/\" >\n\t\t\t\tESPANJASSA EI-RESIDENTTIEN VEROILMOITUS (IRNR)\t\t\t<\/a>\n\t\t<\/h2>\n\t\t\t\t<div class=\"elementor-post__meta-data\">\n\t\t\t\t\t<span class=\"elementor-post-date\">\n\t\t\t28\/11\/2021\t\t<\/span>\n\t\t\t\t<\/div>\n\t\t\t\t<div class=\"elementor-post__excerpt\">\n\t\t\t<p>ESPANJASSA EI-RESIDENTTIEN VEROILMOITUS (IRNR)\u00a0 Aivan kuten Espanjassa vakituisesti asuvat Espanjan kansalaiset maksavat veronsa henkil\u00f6kohtaisella tuloverolla, my\u00f6s ei-residenteill\u00e4 Espanjassa on velvollisuus maksaa t\u00e4ss\u00e4 maassa veroja.\u00a0\u00a0 P\u00e4\u00e4asiassa vakituisesti maassa asuvilla suurin osa<\/p>\n\t\t<\/div>\n\t\t\n\t\t<a class=\"elementor-post__read-more\" href=\"https:\/\/ajforsmanabogados.com\/fi\/espanjassa-ei-residenttien-veroilmoitus-irnr\/\" aria-label=\"Read more about ESPANJASSA EI-RESIDENTTIEN VEROILMOITUS (IRNR)\" tabindex=\"-1\" >\n\t\t\tLue lis\u00e4\u00e4\t\t<\/a>\n\n\t\t\t\t<\/div>\n\t\t\t\t<\/article>\n\t\t\t\t<article class=\"elementor-post elementor-grid-item post-12375 post type-post status-publish format-standard has-post-thumbnail hentry category-uncategorized-fi\" role=\"listitem\">\n\t\t\t\t<a class=\"elementor-post__thumbnail__link\" href=\"https:\/\/ajforsmanabogados.com\/fi\/digitaalisen-varmenteen-merkitys\/\" tabindex=\"-1\" >\n\t\t\t<div class=\"elementor-post__thumbnail\"><img decoding=\"async\" width=\"1024\" height=\"683\" src=\"https:\/\/ajforsmanabogados.com\/wp-content\/uploads\/2021\/11\/Imagen-certificado-digital-copia-1024x683.jpg\" class=\"attachment-large size-large wp-image-12367\" alt=\"La importancia de un Certificado Digital\" srcset=\"https:\/\/ajforsmanabogados.com\/wp-content\/uploads\/2021\/11\/Imagen-certificado-digital-copia-1024x683.jpg 1024w, https:\/\/ajforsmanabogados.com\/wp-content\/uploads\/2021\/11\/Imagen-certificado-digital-copia-300x200.jpg 300w, https:\/\/ajforsmanabogados.com\/wp-content\/uploads\/2021\/11\/Imagen-certificado-digital-copia-768x512.jpg 768w, https:\/\/ajforsmanabogados.com\/wp-content\/uploads\/2021\/11\/Imagen-certificado-digital-copia-1536x1024.jpg 1536w, https:\/\/ajforsmanabogados.com\/wp-content\/uploads\/2021\/11\/Imagen-certificado-digital-copia-2048x1365.jpg 2048w\" sizes=\"(max-width: 1024px) 100vw, 1024px\" \/><\/div>\n\t\t<\/a>\n\t\t\t\t<div class=\"elementor-post__text\">\n\t\t\t\t<h2 class=\"elementor-post__title\">\n\t\t\t<a href=\"https:\/\/ajforsmanabogados.com\/fi\/digitaalisen-varmenteen-merkitys\/\" >\n\t\t\t\tDigitaalisen varmenteen merkitys\u00a0\t\t\t<\/a>\n\t\t<\/h2>\n\t\t\t\t<div class=\"elementor-post__meta-data\">\n\t\t\t\t\t<span class=\"elementor-post-date\">\n\t\t\t21\/11\/2021\t\t<\/span>\n\t\t\t\t<\/div>\n\t\t\t\t<div class=\"elementor-post__excerpt\">\n\t\t\t<p>Digitaalisen varmenteen merkitys\u00a0 Digitaalinen varmenne tai s\u00e4hk\u00f6inen varmenne on digitaalinen asiakirja, joka sis\u00e4lt\u00e4\u00e4 henkil\u00f6n tunnistetiedot tai yrityksen edustajan tunnistetiedot. \u00a0\u00a0 Se on j\u00e4rjestelm\u00e4, joka voi vahvistaa henkil\u00f6n todellisen henkil\u00f6llisyyden verkossa,<\/p>\n\t\t<\/div>\n\t\t\n\t\t<a class=\"elementor-post__read-more\" href=\"https:\/\/ajforsmanabogados.com\/fi\/digitaalisen-varmenteen-merkitys\/\" aria-label=\"Read more about Digitaalisen varmenteen merkitys\u00a0\" tabindex=\"-1\" >\n\t\t\tLue lis\u00e4\u00e4\t\t<\/a>\n\n\t\t\t\t<\/div>\n\t\t\t\t<\/article>\n\t\t\t\t<article class=\"elementor-post elementor-grid-item post-12004 post type-post status-publish format-standard has-post-thumbnail hentry category-noticias-fi\" role=\"listitem\">\n\t\t\t\t<a class=\"elementor-post__thumbnail__link\" href=\"https:\/\/ajforsmanabogados.com\/fi\/tama-vuosi-on-ihanteellinen\/\" tabindex=\"-1\" >\n\t\t\t<div class=\"elementor-post__thumbnail\"><img decoding=\"async\" width=\"1000\" height=\"667\" src=\"https:\/\/ajforsmanabogados.com\/wp-content\/uploads\/2021\/09\/hand-choosing-mini-wood-house-model-from-model-on-wood-table.jpg\" class=\"attachment-large size-large wp-image-12005\" alt=\"hand-choosing-mini-wood-house-model-from-model-on-wood-table\" srcset=\"https:\/\/ajforsmanabogados.com\/wp-content\/uploads\/2021\/09\/hand-choosing-mini-wood-house-model-from-model-on-wood-table.jpg 1000w, https:\/\/ajforsmanabogados.com\/wp-content\/uploads\/2021\/09\/hand-choosing-mini-wood-house-model-from-model-on-wood-table-300x200.jpg 300w, https:\/\/ajforsmanabogados.com\/wp-content\/uploads\/2021\/09\/hand-choosing-mini-wood-house-model-from-model-on-wood-table-768x512.jpg 768w\" sizes=\"(max-width: 1000px) 100vw, 1000px\" \/><\/div>\n\t\t<\/a>\n\t\t\t\t<div class=\"elementor-post__text\">\n\t\t\t\t<h2 class=\"elementor-post__title\">\n\t\t\t<a href=\"https:\/\/ajforsmanabogados.com\/fi\/tama-vuosi-on-ihanteellinen\/\" >\n\t\t\t\tT\u00e4m\u00e4 vuosi on ihanteellinen aika sijoittaa kiinteist\u00f6ihin. Veroja alennettiin Andalusiassa.\t\t\t<\/a>\n\t\t<\/h2>\n\t\t\t\t<div class=\"elementor-post__meta-data\">\n\t\t\t\t\t<span class=\"elementor-post-date\">\n\t\t\t24\/09\/2021\t\t<\/span>\n\t\t\t\t<\/div>\n\t\t\t\t<div class=\"elementor-post__excerpt\">\n\t\t\t<p>HUOM! Andalusiassa 20.10.2021 annetun lain 5\/2021 mukaan varainsiirtovero (ITP) s\u00e4ilyy 7 prosentissa ja dokumentointivero (ADJ) 1,2 prosentissa 31.12.2021 alkaen. \u00a0 T\u00e4m\u00e4 vuosi on ihanteellinen aika sijoittaa kiinteist\u00f6ihin. Veroja alennettiin Andalusiassa.<\/p>\n\t\t<\/div>\n\t\t\n\t\t<a class=\"elementor-post__read-more\" href=\"https:\/\/ajforsmanabogados.com\/fi\/tama-vuosi-on-ihanteellinen\/\" aria-label=\"Read more about T\u00e4m\u00e4 vuosi on ihanteellinen aika sijoittaa kiinteist\u00f6ihin. Veroja alennettiin Andalusiassa.\" tabindex=\"-1\" >\n\t\t\tLue lis\u00e4\u00e4\t\t<\/a>\n\n\t\t\t\t<\/div>\n\t\t\t\t<\/article>\n\t\t\t\t<\/div>\n\t\t\n\t\t\t\t\t\t<\/div>\n\t\t\t\t<\/div>\n\t\t\t\t\t<\/div>\n\t\t<\/div>\n\t\t\t\t\t<\/div>\n\t\t<\/section>\n\t\t\t\t<\/div>\n\t\t","protected":false},"excerpt":{"rendered":"<p>tuoreimmat uutiset Blogi<\/p>\n","protected":false},"author":1,"featured_media":0,"parent":0,"menu_order":11,"comment_status":"closed","ping_status":"closed","template":"","meta":{"site-sidebar-layout":"no-sidebar","site-content-layout":"page-builder","ast-site-content-layout":"default","site-content-style":"default","site-sidebar-style":"default","ast-global-header-display":"","ast-banner-title-visibility":"","ast-main-header-display":"","ast-hfb-above-header-display":"","ast-hfb-below-header-display":"","ast-hfb-mobile-header-display":"","site-post-title":"disabled","ast-breadcrumbs-content":"","ast-featured-img":"disabled","footer-sml-layout":"","ast-disable-related-posts":"","theme-transparent-header-meta":"default","adv-header-id-meta":"","stick-header-meta":"default","header-above-stick-meta":"on","header-main-stick-meta":"","header-below-stick-meta":"","astra-migrate-meta-layouts":"default","ast-page-background-enabled":"default","ast-page-background-meta":{"desktop":{"background-color":"var(--ast-global-color-4)","background-image":"","background-repeat":"repeat","background-position":"center center","background-size":"auto","background-attachment":"scroll","background-type":"","background-media":"","overlay-type":"","overlay-color":"","overlay-opacity":"","overlay-gradient":""},"tablet":{"background-color":"","background-image":"","background-repeat":"repeat","background-position":"center center","background-size":"auto","background-attachment":"scroll","background-type":"","background-media":"","overlay-type":"","overlay-color":"","overlay-opacity":"","overlay-gradient":""},"mobile":{"background-color":"","background-image":"","background-repeat":"repeat","background-position":"center center","background-size":"auto","background-attachment":"scroll","background-type":"","background-media":"","overlay-type":"","overlay-color":"","overlay-opacity":"","overlay-gradient":""}},"ast-content-background-meta":{"desktop":{"background-color":"var(--ast-global-color-5)","background-image":"","background-repeat":"repeat","background-position":"center center","background-size":"auto","background-attachment":"scroll","background-type":"","background-media":"","overlay-type":"","overlay-color":"","overlay-opacity":"","overlay-gradient":""},"tablet":{"background-color":"var(--ast-global-color-5)","background-image":"","background-repeat":"repeat","background-position":"center center","background-size":"auto","background-attachment":"scroll","background-type":"","background-media":"","overlay-type":"","overlay-color":"","overlay-opacity":"","overlay-gradient":""},"mobile":{"background-color":"var(--ast-global-color-5)","background-image":"","background-repeat":"repeat","background-position":"center center","background-size":"auto","background-attachment":"scroll","background-type":"","background-media":"","overlay-type":"","overlay-color":"","overlay-opacity":"","overlay-gradient":""}},"footnotes":""},"class_list":["post-12039","page","type-page","status-publish","hentry"],"_links":{"self":[{"href":"https:\/\/ajforsmanabogados.com\/fi\/wp-json\/wp\/v2\/pages\/12039","targetHints":{"allow":["GET"]}}],"collection":[{"href":"https:\/\/ajforsmanabogados.com\/fi\/wp-json\/wp\/v2\/pages"}],"about":[{"href":"https:\/\/ajforsmanabogados.com\/fi\/wp-json\/wp\/v2\/types\/page"}],"author":[{"embeddable":true,"href":"https:\/\/ajforsmanabogados.com\/fi\/wp-json\/wp\/v2\/users\/1"}],"replies":[{"embeddable":true,"href":"https:\/\/ajforsmanabogados.com\/fi\/wp-json\/wp\/v2\/comments?post=12039"}],"version-history":[{"count":0,"href":"https:\/\/ajforsmanabogados.com\/fi\/wp-json\/wp\/v2\/pages\/12039\/revisions"}],"wp:attachment":[{"href":"https:\/\/ajforsmanabogados.com\/fi\/wp-json\/wp\/v2\/media?parent=12039"}],"curies":[{"name":"wp","href":"https:\/\/api.w.org\/{rel}","templated":true}]}}